{"id":351,"date":"2021-06-17T00:03:33","date_gmt":"2021-06-16T23:03:33","guid":{"rendered":"https:\/\/kata-b-schommer.de\/?page_id=351"},"modified":"2021-07-22T18:50:25","modified_gmt":"2021-07-22T17:50:25","slug":"vita","status":"publish","type":"page","link":"https:\/\/kata-b-schommer.de\/?page_id=351","title":{"rendered":"Vita"},"content":{"rendered":"\n<p><strong>Kata Brehm Schommer<\/strong><\/p>\n\n\n\n<figure class=\"wp-block-table\"><table><tbody><tr valign=\"top\"><td valign=\"top\">1938<\/td><td valign=\"top\">geboren in Sulzburg\/Baden, aufgewachsen im Saarland<\/td><\/tr><tr valign=\"top\"><td valign=\"top\">1956<\/td><td valign=\"top\">Europa-Pionierin als Sch\u00fclerin \u2013 ein Europa-Aufsatz und 1956 Empfang der Preisgewinner aus Deutschland, Frankreich, Italien u.a. von Robert Schuman im Rathaus von Br\u00fcssel<\/td><\/tr><tr valign=\"top\"><td valign=\"top\">1957<\/td><td valign=\"top\">seit 1957 besch\u00e4ftigt mit dem Thema Steuerung, auf der Suche nach der k\u00fcnstlerischen Umsetzung. Mappe mit Linien-Experimenten f\u00fcr die Aufnahme in die Kunstschule Saarbr\u00fccken.<\/td><\/tr><tr valign=\"top\"><td valign=\"top\">1957<\/td><td valign=\"top\">&#8211; 1958\/59 Kunstschule Saarbr\u00fccken. Grundlehre bei Oskar Holweck, Zero-Mitglied. Seine Buch-Skulpturen habe ich verstanden.<\/td><\/tr><tr valign=\"top\"><td valign=\"top\">1959<\/td><td valign=\"top\">&#8211; 1961 Kunstakademie M\u00fcnchen<\/td><\/tr><tr valign=\"top\"><td valign=\"top\">1961<\/td><td valign=\"top\">&#8211; 1966 Studium der Germanistik, Romanistik, Examen 1969<\/td><\/tr><tr valign=\"top\"><td valign=\"top\">1962<\/td><td valign=\"top\">&#8211; 2009 verheiratet mit Werner Brehm (Schauspieler), Geburt des Sohnes 1970<\/td><\/tr><tr valign=\"top\"><td valign=\"top\">1970<\/td><td valign=\"top\">seit 1970 Zeichnungen \u201eZwischen Zero und Computerprogramm\u201c (Katalog 1996)<\/td><\/tr><tr valign=\"top\"><td valign=\"top\">1974<\/td><td valign=\"top\">Bewerbung um den Max-Ernst-Preis in Br\u00fchl. \u00dcberstimmt wurde in der Jury Frau Dr. St\u00fcncke, Galerie \u201eder Spiegel\u201c, die meine Bewerbung empfohlen hatte. Beste Kontakte in den 70er, 80er Jahren, die ich total vernachl\u00e4ssigt habe. Mir wichtig von Anfang an die fr\u00fche dokumentation meiner Zeichnungen, seit 1982 in Katalogen und Besprechungen.<\/td><\/tr><tr valign=\"top\"><td valign=\"top\">1981<\/td><td valign=\"top\">Erste Gemeinschaftsausstellung in der Kunstschule Saarbr\u00fccken<\/td><\/tr><tr valign=\"top\"><td valign=\"top\">1982<\/td><td valign=\"top\">Abbildung im Katalog \u201eKunstsituation Saar\u201c (mit Ausstellung im Museum von Marl)<\/td><\/tr><tr valign=\"top\"><td valign=\"top\">1984<\/td><td valign=\"top\">Abbildung im Katalog des Kunstvereins Frechen\/K\u00f6ln<\/td><\/tr><tr valign=\"top\"><td valign=\"top\">1984<\/td><td valign=\"top\">Abbildung im Katalog des Kunstmarktes Dortmund<\/td><\/tr><tr valign=\"top\"><td valign=\"top\">1985<\/td><td valign=\"top\">Abbildung im Katalog der K\u00f6lner Galerien<\/td><\/tr><tr valign=\"top\"><td valign=\"top\">1996<\/td><td valign=\"top\">Katalog der Ausstellung 1996 der Galerie Brehm <\/td><\/tr><tr valign=\"top\"><td valign=\"top\">1996<\/td><td valign=\"top\">Katalog \u201eZwischen Zero und Computerprogramm\u201c mit Abbildungen von Zeichnungen seit 1970 im Archiv der Museumsbibliothek K\u00f6ln ( seit 1996 )<\/td><\/tr><tr valign=\"top\"><td valign=\"top\">1987<\/td><td valign=\"top\">Erste Einzelausstellung in der Galerie \u201eAttia Movement\u201c in Paris (kleine Gasse neben dem Picasso-Museum)<\/td><\/tr><tr valign=\"top\"><td valign=\"top\">1989<\/td><td valign=\"top\">Ausstellung in der K\u00f6lner \u201eGalerie K\u201c mit Besprechung im KSTA ( \u201esie stellt spirografische Zeichnungen vor, dynamische Netzgebilde [\u2026] Mensch-Maschine.[\u2026]\u201c )<\/td><\/tr><tr valign=\"top\"><td valign=\"top\">1983<\/td><td valign=\"top\">in meinem BBK-Antrag schrieb ich \u2013 \u201eich transportiere mich aufs Papier. Ein seismografischer Vorgang\u2026\u201c<\/td><\/tr><tr valign=\"top\"><td valign=\"top\">1999<\/td><td valign=\"top\">Ausstellung in der Galerie Brehm, K\u00f6ln, mit Besprechung im KSTA<\/td><\/tr><tr valign=\"top\"><td valign=\"top\">2009<\/td><td valign=\"top\">Privates Datum<\/td><\/tr><tr valign=\"top\"><td valign=\"top\">1990<\/td><td valign=\"top\">etwa erste Infos \u00fcber die Chaostheorie und mir wurde bewusst, in welchem philosophischen, zeitgeistigen Zusammenhang meine Arbeiten seit 1970 entstanden sind.<\/td><\/tr><\/tbody><\/table><\/figure>\n","protected":false},"excerpt":{"rendered":"<p>Kata Brehm Schommer 1938 geboren in Sulzburg\/Baden, aufgewachsen im Saarland 1956 Europa-Pionierin als Sch\u00fclerin \u2013 ein Europa-Aufsatz und 1956 Empfang&hellip;<\/p>\n","protected":false},"author":1,"featured_media":0,"parent":0,"menu_order":0,"comment_status":"closed","ping_status":"closed","template":"","meta":{"slim_seo":{"noindex":"1","title":"Vita - Katharina Brehm Schommer","description":"Kata Brehm Schommer 1938 geboren in Sulzburg\/Baden, aufgewachsen im Saarland 1956 Europa-Pionierin als Sch\u00fclerin \u2013 ein Europa-Aufsatz und 1956 Empfang der Preis"},"footnotes":""},"class_list":["post-351","page","type-page","status-publish","hentry"],"_links":{"self":[{"href":"https:\/\/kata-b-schommer.de\/index.php?rest_route=\/wp\/v2\/pages\/351","targetHints":{"allow":["GET"]}}],"collection":[{"href":"https:\/\/kata-b-schommer.de\/index.php?rest_route=\/wp\/v2\/pages"}],"about":[{"href":"https:\/\/kata-b-schommer.de\/index.php?rest_route=\/wp\/v2\/types\/page"}],"author":[{"embeddable":true,"href":"https:\/\/kata-b-schommer.de\/index.php?rest_route=\/wp\/v2\/users\/1"}],"replies":[{"embeddable":true,"href":"https:\/\/kata-b-schommer.de\/index.php?rest_route=%2Fwp%2Fv2%2Fcomments&post=351"}],"version-history":[{"count":29,"href":"https:\/\/kata-b-schommer.de\/index.php?rest_route=\/wp\/v2\/pages\/351\/revisions"}],"predecessor-version":[{"id":434,"href":"https:\/\/kata-b-schommer.de\/index.php?rest_route=\/wp\/v2\/pages\/351\/revisions\/434"}],"wp:attachment":[{"href":"https:\/\/kata-b-schommer.de\/index.php?rest_route=%2Fwp%2Fv2%2Fmedia&parent=351"}],"curies":[{"name":"wp","href":"https:\/\/api.w.org\/{rel}","templated":true}]}}