{"id":158,"date":"2021-02-20T11:48:46","date_gmt":"2021-02-20T10:48:46","guid":{"rendered":"http:\/\/kata-b-schommer.de\/?page_id=158"},"modified":"2024-04-14T11:16:31","modified_gmt":"2024-04-14T10:16:31","slug":"info1","status":"publish","type":"page","link":"https:\/\/kata-b-schommer.de\/?page_id=158","title":{"rendered":"Info I"},"content":{"rendered":"\n<p><strong>Kata Brehm Schommer<\/strong><\/p>\n\n\n\n<p>Die Zeichnungen XXII3 (s. Katalog von 1996) sind der einzige demonstrierte Vergleich meiner Zeichnung mit der entsprechend programmierten Computer-Zeichnung. Gesetze werden verordnet und Menschen k\u00f6nnen in Bezug auf Gesellschaft und Politik ein Programm anwenden mit nicht berechenbaren Konsequenzen. Ein Krieg beginnt oft mit einem Programm. Die Programmentwicklung, d.h. der Kriegsverlauf ist nicht vorhersehbar. Weltweit radikale Bewegungen, Revolutionen, Kriege, Umbr\u00fcche sind Ergebnis von unbewussten und bewussten Steuerungen oder von unberechenbaren Programmentwicklungen.<\/p>\n\n\n\n<p>Reale gesellschaftliche, politische oder private Vorg\u00e4nge. Ein anderes Beispiel w\u00e4ren \u2014 etwa von 1958, 1974 und 2017 \u2014 3x Fotos derselben Person mit demselben Programm, derselben unver\u00e4nderten Genetik\/DNA ab Entstehung\/Geburt \u2014 und 3 x jeweils das Ergebnis der Programmentwicklung, d.h. die sichtbaren Ver\u00e4nderungen der Person aufgrund immens vieler Beeinflussungen und Steuerungen.<\/p>\n\n\n\n<p>Schon bald in den 80er Jahren hatte ich die Unschuld verloren. Automatismus, Wissen, Erfahrung sind am zeichnerischen Vorgang beteiligt. Immanent immer unbewusste Steuerungen und unbewusst gesteuerte Ver\u00e4nderungen im Gewebe, und gleichzeitig geschieht der zeichnerische Vorgang der Steuerung und der Ver\u00e4nderungen wissend. Das Bewusstsein ist trotz Automatismus und Trendfolge nicht ausgeschaltet, es wird bedingt und wirkt bedingend. \u201eFraktale\u201c wie in den Zeichnungen X, XI, XII von 1980 bis 1982 sind eine scheinbar zuf\u00e4llige Dreiecke-Verdichtung, ein Trend im Gewebe, eine unvorhersehbare formale Konsequenz entsprechend der Einwirkung des installierten Widerstandes. Erst etwa zwanzig Jahre sp\u00e4ter, Anfang der 90er Jahre, habe ich nach ersten Informationen \u00fcber die Chaos-Theorie den Begriff der Fraktale bez\u00fcglich meiner Zeichnungen verwendet, und mir war bewusst geworden, in welchem philosophischen, zeitgeistigen Zusammenhang meine Zeichnungen seit 1970 entstanden waren.<\/p>\n\n\n\n<p>Das gerade gezeichnete Dreieck wird bedingt vom vorherigen und es bedingt das folgende. Es ist spannend, eine Tendenz wahrzunehmen und die Trendbildung, die Formbildung gesetzm\u00e4\u00dfig entstehen zu lassen oder eine Tendenz und den Trend bewusst weiter zu steuern oder die Tendenz und den Trend-Beginn zu korrigieren.<\/p>\n\n\n\n<p>Schon 1979 Experimente mit bewusster Trendbildung und bewusst gesteuerter Aufl\u00f6sung des Trends. Das ist allerdings eine sehr einfache L\u00f6sung einer einfachen Aufgabe, eine Ursache-Wirkung-Konstruktion, die derart unkompliziert und unabh\u00e4ngig von Zusammenh\u00e4ngen nicht existiert und besonders nicht in unserer realen Welt der unendlich vielen Steuerungen und Zusammenh\u00e4nge (<span style=\"text-decoration: underline\" class=\"underline\"><a href=\"https:\/\/kata-b-schommer.de\/wp-content\/uploads\/2021\/05\/IX-scaled.jpg\">s. Galerie,<strong> <\/strong>Programm IX von 1979<\/a><\/span>).<\/p>\n\n\n\n<p>Die Manipulation der Menschen funktioniert, mit dem Risiko der Unberechenbarkeit. Das ist gesellschaftlich und politisch vor allem ein uralter Vorgang der Macht und der M\u00e4chtigen. Wissenschaftlich und im Auftrag von M\u00e4chtigen in Politik, Gesellschaft &amp; Wirtschaft wird sicher die Steuerung und Berechenbarkeit von Programm-Entwicklungen weiter erforscht und perfektioniert. Dienstbarkeit oder sch\u00e4dlicher, fragw\u00fcrdiger Fortschritt und Missbrauch sind politisch, gesellschaftlich und folglich individuell &#8211; vor allem aufgrund der enormen wissenschaftlichen und technischen Errungenschaften und M\u00f6glichkeiten unserer Epoche &#8211; Segen oder Fluch. (z.B. Digitalisierung?? Globalisierung??)<\/p>\n","protected":false},"excerpt":{"rendered":"<p>Kata Brehm Schommer Die Zeichnungen XXII3 (s. Katalog von 1996) sind der einzige demonstrierte Vergleich meiner Zeichnung mit der entsprechend&hellip;<\/p>\n","protected":false},"author":1,"featured_media":0,"parent":0,"menu_order":0,"comment_status":"closed","ping_status":"closed","template":"","meta":{"slim_seo":{"title":"Info I - Katharina Brehm Schommer","description":"Kata Brehm Schommer Die Zeichnungen XXII3 (s. Katalog von 1996) sind der einzige demonstrierte Vergleich meiner Zeichnung mit der entsprechend programmierten Co"},"footnotes":""},"class_list":["post-158","page","type-page","status-publish","hentry"],"_links":{"self":[{"href":"https:\/\/kata-b-schommer.de\/index.php?rest_route=\/wp\/v2\/pages\/158","targetHints":{"allow":["GET"]}}],"collection":[{"href":"https:\/\/kata-b-schommer.de\/index.php?rest_route=\/wp\/v2\/pages"}],"about":[{"href":"https:\/\/kata-b-schommer.de\/index.php?rest_route=\/wp\/v2\/types\/page"}],"author":[{"embeddable":true,"href":"https:\/\/kata-b-schommer.de\/index.php?rest_route=\/wp\/v2\/users\/1"}],"replies":[{"embeddable":true,"href":"https:\/\/kata-b-schommer.de\/index.php?rest_route=%2Fwp%2Fv2%2Fcomments&post=158"}],"version-history":[{"count":15,"href":"https:\/\/kata-b-schommer.de\/index.php?rest_route=\/wp\/v2\/pages\/158\/revisions"}],"predecessor-version":[{"id":485,"href":"https:\/\/kata-b-schommer.de\/index.php?rest_route=\/wp\/v2\/pages\/158\/revisions\/485"}],"wp:attachment":[{"href":"https:\/\/kata-b-schommer.de\/index.php?rest_route=%2Fwp%2Fv2%2Fmedia&parent=158"}],"curies":[{"name":"wp","href":"https:\/\/api.w.org\/{rel}","templated":true}]}}