{"id":12,"date":"2021-02-19T21:26:54","date_gmt":"2021-02-19T21:26:54","guid":{"rendered":"http:\/\/kata-b-schommer.de\/?page_id=12"},"modified":"2022-06-13T17:52:57","modified_gmt":"2022-06-13T16:52:57","slug":"de-home","status":"publish","type":"page","link":"https:\/\/kata-b-schommer.de\/","title":{"rendered":"Home"},"content":{"rendered":"\n<p><strong>Kata Brehm Schommer<\/strong><\/p>\n\n\n\n<p><strong>Zeichnungen <\/strong>\u201cZwischen Zero und Computerprogramm\u201c <strong>seit 1970<\/strong><\/p>\n\n\n\n<p>Meine Zeichnungen sind <strong>keine Computer-Zeichnungen<\/strong>.<\/p>\n\n\n\n<figure class=\"wp-block-gallery columns-2 is-cropped wp-block-gallery-2 is-layout-flex wp-block-gallery-is-layout-flex\"><ul class=\"blocks-gallery-grid\"><li class=\"blocks-gallery-item\"><figure><a href=\"http:\/\/kata-b-schommer.de\/wp-content\/uploads\/2021\/05\/Netzwerk-III-scaled.jpg\"><img loading=\"lazy\" decoding=\"async\" width=\"1707\" height=\"2560\" src=\"https:\/\/kata-b-schommer.de\/wp-content\/uploads\/2021\/05\/Netzwerk-III-scaled.jpg\" alt=\"Netzwerk III\" data-id=\"302\" data-full-url=\"http:\/\/kata-b-schommer.de\/wp-content\/uploads\/2021\/05\/Netzwerk-III-scaled.jpg\" data-link=\"https:\/\/kata-b-schommer.de\/netzwerk-iii\/\" class=\"wp-image-302\" srcset=\"https:\/\/kata-b-schommer.de\/wp-content\/uploads\/2021\/05\/Netzwerk-III-scaled.jpg 1707w, https:\/\/kata-b-schommer.de\/wp-content\/uploads\/2021\/05\/Netzwerk-III-200x300.jpg 200w, https:\/\/kata-b-schommer.de\/wp-content\/uploads\/2021\/05\/Netzwerk-III-683x1024.jpg 683w, https:\/\/kata-b-schommer.de\/wp-content\/uploads\/2021\/05\/Netzwerk-III-100x150.jpg 100w, https:\/\/kata-b-schommer.de\/wp-content\/uploads\/2021\/05\/Netzwerk-III-768x1152.jpg 768w, https:\/\/kata-b-schommer.de\/wp-content\/uploads\/2021\/05\/Netzwerk-III-1024x1536.jpg 1024w, https:\/\/kata-b-schommer.de\/wp-content\/uploads\/2021\/05\/Netzwerk-III-1365x2048.jpg 1365w, https:\/\/kata-b-schommer.de\/wp-content\/uploads\/2021\/05\/Netzwerk-III-1600x2400.jpg 1600w\" sizes=\"auto, (max-width: 1707px) 100vw, 1707px\" \/><\/a><figcaption class=\"blocks-gallery-item__caption\">\u00a9 Kata Brehm Schommer\nNetzwerk III \/ 1973\n73 x 73 cm<\/figcaption><\/figure><\/li><li class=\"blocks-gallery-item\"><figure><a href=\"http:\/\/kata-b-schommer.de\/wp-content\/uploads\/2021\/05\/Umweg-XII-scaled.jpg\"><img loading=\"lazy\" decoding=\"async\" width=\"1707\" height=\"2560\" src=\"https:\/\/kata-b-schommer.de\/wp-content\/uploads\/2021\/05\/Umweg-XII-scaled.jpg\" alt=\"Umweg XII\" data-id=\"304\" data-full-url=\"http:\/\/kata-b-schommer.de\/wp-content\/uploads\/2021\/05\/Umweg-XII-scaled.jpg\" data-link=\"https:\/\/kata-b-schommer.de\/umweg-xii\/\" class=\"wp-image-304\" srcset=\"https:\/\/kata-b-schommer.de\/wp-content\/uploads\/2021\/05\/Umweg-XII-scaled.jpg 1707w, https:\/\/kata-b-schommer.de\/wp-content\/uploads\/2021\/05\/Umweg-XII-200x300.jpg 200w, https:\/\/kata-b-schommer.de\/wp-content\/uploads\/2021\/05\/Umweg-XII-683x1024.jpg 683w, https:\/\/kata-b-schommer.de\/wp-content\/uploads\/2021\/05\/Umweg-XII-100x150.jpg 100w, https:\/\/kata-b-schommer.de\/wp-content\/uploads\/2021\/05\/Umweg-XII-768x1152.jpg 768w, https:\/\/kata-b-schommer.de\/wp-content\/uploads\/2021\/05\/Umweg-XII-1024x1536.jpg 1024w, https:\/\/kata-b-schommer.de\/wp-content\/uploads\/2021\/05\/Umweg-XII-1365x2048.jpg 1365w, https:\/\/kata-b-schommer.de\/wp-content\/uploads\/2021\/05\/Umweg-XII-1600x2400.jpg 1600w\" sizes=\"auto, (max-width: 1707px) 100vw, 1707px\" \/><\/a><figcaption class=\"blocks-gallery-item__caption\">\u00a9 Kata Brehm Schommer\nUmweg XII \/ 1982\n102 x 73 cm<\/figcaption><\/figure><\/li><li class=\"blocks-gallery-item\"><figure><a href=\"http:\/\/kata-b-schommer.de\/wp-content\/uploads\/2021\/05\/Trends-VIII-scaled.jpg\"><img loading=\"lazy\" decoding=\"async\" width=\"1707\" height=\"2560\" src=\"https:\/\/kata-b-schommer.de\/wp-content\/uploads\/2021\/05\/Trends-VIII-scaled.jpg\" alt=\"Trends VIII\" data-id=\"303\" data-full-url=\"http:\/\/kata-b-schommer.de\/wp-content\/uploads\/2021\/05\/Trends-VIII-scaled.jpg\" data-link=\"https:\/\/kata-b-schommer.de\/trends-viii\/\" class=\"wp-image-303\" srcset=\"https:\/\/kata-b-schommer.de\/wp-content\/uploads\/2021\/05\/Trends-VIII-scaled.jpg 1707w, https:\/\/kata-b-schommer.de\/wp-content\/uploads\/2021\/05\/Trends-VIII-200x300.jpg 200w, https:\/\/kata-b-schommer.de\/wp-content\/uploads\/2021\/05\/Trends-VIII-683x1024.jpg 683w, https:\/\/kata-b-schommer.de\/wp-content\/uploads\/2021\/05\/Trends-VIII-100x150.jpg 100w, https:\/\/kata-b-schommer.de\/wp-content\/uploads\/2021\/05\/Trends-VIII-768x1152.jpg 768w, https:\/\/kata-b-schommer.de\/wp-content\/uploads\/2021\/05\/Trends-VIII-1024x1536.jpg 1024w, https:\/\/kata-b-schommer.de\/wp-content\/uploads\/2021\/05\/Trends-VIII-1365x2048.jpg 1365w, https:\/\/kata-b-schommer.de\/wp-content\/uploads\/2021\/05\/Trends-VIII-1600x2400.jpg 1600w\" sizes=\"auto, (max-width: 1707px) 100vw, 1707px\" \/><\/a><figcaption class=\"blocks-gallery-item__caption\">\u00a9 Kata Brehm Schommer\nTrends VIII \/ 1977\n73 x 66 cm<\/figcaption><\/figure><\/li><li class=\"blocks-gallery-item\"><figure><a href=\"http:\/\/kata-b-schommer.de\/wp-content\/uploads\/2021\/05\/Programm-3-scaled.jpg\"><img loading=\"lazy\" decoding=\"async\" width=\"1707\" height=\"2560\" src=\"https:\/\/kata-b-schommer.de\/wp-content\/uploads\/2021\/05\/Programm-3-scaled.jpg\" alt=\"Programm 3\" data-id=\"305\" data-full-url=\"http:\/\/kata-b-schommer.de\/wp-content\/uploads\/2021\/05\/Programm-3-scaled.jpg\" data-link=\"https:\/\/kata-b-schommer.de\/programm-3\/\" class=\"wp-image-305\" srcset=\"https:\/\/kata-b-schommer.de\/wp-content\/uploads\/2021\/05\/Programm-3-scaled.jpg 1707w, https:\/\/kata-b-schommer.de\/wp-content\/uploads\/2021\/05\/Programm-3-200x300.jpg 200w, https:\/\/kata-b-schommer.de\/wp-content\/uploads\/2021\/05\/Programm-3-683x1024.jpg 683w, https:\/\/kata-b-schommer.de\/wp-content\/uploads\/2021\/05\/Programm-3-100x150.jpg 100w, https:\/\/kata-b-schommer.de\/wp-content\/uploads\/2021\/05\/Programm-3-768x1152.jpg 768w, https:\/\/kata-b-schommer.de\/wp-content\/uploads\/2021\/05\/Programm-3-1024x1536.jpg 1024w, https:\/\/kata-b-schommer.de\/wp-content\/uploads\/2021\/05\/Programm-3-1365x2048.jpg 1365w, https:\/\/kata-b-schommer.de\/wp-content\/uploads\/2021\/05\/Programm-3-1600x2400.jpg 1600w\" sizes=\"auto, (max-width: 1707px) 100vw, 1707px\" \/><\/a><figcaption class=\"blocks-gallery-item__caption\">\u00a9 Kata Brehm Schommer\nProgramm 3 \/ 1999\n100 x 70 cm<\/figcaption><\/figure><\/li><li class=\"blocks-gallery-item\"><figure><a href=\"http:\/\/kata-b-schommer.de\/wp-content\/uploads\/2021\/05\/Programm-1-scaled.jpg\"><img loading=\"lazy\" decoding=\"async\" width=\"1707\" height=\"2560\" src=\"https:\/\/kata-b-schommer.de\/wp-content\/uploads\/2021\/05\/Programm-1-scaled.jpg\" alt=\"Programm 1\" data-id=\"306\" data-full-url=\"http:\/\/kata-b-schommer.de\/wp-content\/uploads\/2021\/05\/Programm-1-scaled.jpg\" data-link=\"https:\/\/kata-b-schommer.de\/programm-1\/\" class=\"wp-image-306\" srcset=\"https:\/\/kata-b-schommer.de\/wp-content\/uploads\/2021\/05\/Programm-1-scaled.jpg 1707w, https:\/\/kata-b-schommer.de\/wp-content\/uploads\/2021\/05\/Programm-1-200x300.jpg 200w, https:\/\/kata-b-schommer.de\/wp-content\/uploads\/2021\/05\/Programm-1-683x1024.jpg 683w, https:\/\/kata-b-schommer.de\/wp-content\/uploads\/2021\/05\/Programm-1-100x150.jpg 100w, https:\/\/kata-b-schommer.de\/wp-content\/uploads\/2021\/05\/Programm-1-768x1152.jpg 768w, https:\/\/kata-b-schommer.de\/wp-content\/uploads\/2021\/05\/Programm-1-1024x1536.jpg 1024w, https:\/\/kata-b-schommer.de\/wp-content\/uploads\/2021\/05\/Programm-1-1365x2048.jpg 1365w, https:\/\/kata-b-schommer.de\/wp-content\/uploads\/2021\/05\/Programm-1-1600x2400.jpg 1600w\" sizes=\"auto, (max-width: 1707px) 100vw, 1707px\" \/><\/a><figcaption class=\"blocks-gallery-item__caption\">\u00a9 Kata Brehm Schommer\nProgramm 1 \/ 1998\n100 x 70 cm<\/figcaption><\/figure><\/li><li class=\"blocks-gallery-item\"><figure><a href=\"http:\/\/kata-b-schommer.de\/wp-content\/uploads\/2021\/05\/Programm-9-scaled.jpg\"><img loading=\"lazy\" decoding=\"async\" width=\"1707\" height=\"2560\" src=\"https:\/\/kata-b-schommer.de\/wp-content\/uploads\/2021\/05\/Programm-9-scaled.jpg\" alt=\"Programm 9 II\" data-id=\"307\" data-full-url=\"http:\/\/kata-b-schommer.de\/wp-content\/uploads\/2021\/05\/Programm-9-scaled.jpg\" data-link=\"https:\/\/kata-b-schommer.de\/programm-9\/\" class=\"wp-image-307\" srcset=\"https:\/\/kata-b-schommer.de\/wp-content\/uploads\/2021\/05\/Programm-9-scaled.jpg 1707w, https:\/\/kata-b-schommer.de\/wp-content\/uploads\/2021\/05\/Programm-9-200x300.jpg 200w, https:\/\/kata-b-schommer.de\/wp-content\/uploads\/2021\/05\/Programm-9-683x1024.jpg 683w, https:\/\/kata-b-schommer.de\/wp-content\/uploads\/2021\/05\/Programm-9-100x150.jpg 100w, https:\/\/kata-b-schommer.de\/wp-content\/uploads\/2021\/05\/Programm-9-768x1152.jpg 768w, https:\/\/kata-b-schommer.de\/wp-content\/uploads\/2021\/05\/Programm-9-1024x1536.jpg 1024w, https:\/\/kata-b-schommer.de\/wp-content\/uploads\/2021\/05\/Programm-9-1365x2048.jpg 1365w, https:\/\/kata-b-schommer.de\/wp-content\/uploads\/2021\/05\/Programm-9-1600x2400.jpg 1600w\" sizes=\"auto, (max-width: 1707px) 100vw, 1707px\" \/><\/a><figcaption class=\"blocks-gallery-item__caption\">\u00a9 Kata Brehm Schommer\nProgramm 9 \/ 2001\n100 x 70 cm<\/figcaption><\/figure><\/li><\/ul><\/figure>\n\n\n\n<p><span style=\"color:#000000\" class=\"tadv-color\">Besch\u00e4ftigt mit dem Thema Steuerung auf der Suche nach der k\u00fcnstlerischen Umsetzung. Und sehr wichtig an der Kunstschule Saarbr\u00fccken der Einfluss der Grundlehre und des Lehrers <strong>Oskar Holweck, Zero, <\/strong>(1957-58\/59).<\/span><\/p>\n\n\n\n<p><strong>Zwischen Zero und Computerprogramm<\/strong><\/p>\n\n\n\n<p><span style=\"color:#000000\" class=\"tadv-color\">Meine Zeichnungen \u2014 seit 1970 \u2014 sind <strong>keine Computer-Zeichnungen<\/strong>, sie werden wahrgenommen als \u00e4sthetische, dramatische, archaische Gebilde. Keine von aussen bestimm<\/span>te Form \u2014 sie wachsen mit Tagesringen, \u00e4hnlich den Jahresringen eines Baumes.<\/p>\n\n\n\n<p>Zero war die passende Schule f\u00fcr mich, und durch meinen Lehrer Oskar Holweck, Zero-Mitglied, geh\u00f6re ich indirekt seit 1957 zu Zero.<\/p>\n\n\n\n<p>Reale gesellschaftliche, politische und private Vorg\u00e4nge, Meinungsmache, Manipulation, gesteuerte Trends usw. sind Motivation meiner k\u00fcnstlerischen Arbeit, besonders meiner Zeichnungen seit 1970. Ich kann die Welt nicht anders erkennen als in unendlich vielen permanent steuernden und gesteuerten Zusammenh\u00e4ngen \u2014 analog extrem reduziert das Dreieck als kleinstes Element meiner Zeichnungen, mit dem durch Addition zusammenh\u00e4ngend konsequente, notwendige Gestaltung, Formbildung entsteht. Ich beginne zu zeichnen mit einem Programm, das ich auch in einen Computer eingeben k\u00f6nnte. Die Ergebnisse w\u00fcrden differieren, weil ich, der unberechenbare Mensch, keine determiniert funktionierende Maschine bin, sondern ein zus\u00e4tzlich permanent steuerndes und gesteuertes, ein beeinflussbares und reagierendes System, \u2014 z.B. meine seriell und gleichm\u00e4\u00dfig programmierte Zeichnung und die unbewusst steuernde minimale Abweichung (s. Zeichnungen <a href=\"https:\/\/kata-b-schommer.de\/galerie\/\" data-type=\"page\" data-id=\"196\">XXII<\/a>), oder eine deutliche Abweichung aufgrund eines zeichnerisch installierten Widerstandes (s. Zeichnungen <a href=\"https:\/\/kata-b-schommer.de\/wp-content\/uploads\/2021\/05\/X.jpg\">X<\/a>, <a href=\"https:\/\/kata-b-schommer.de\/wp-content\/uploads\/2021\/05\/XI.jpg\">XI<\/a>, XII).<\/p>\n\n\n\n<p>Der zeichnerische Vorgang als Demonstration gesetzm\u00e4\u00dfiger, Zusammenhang-bedingter Gestaltung, Formbildung. Innerhalb der zeichnerischen Programmentwicklung wird das gerade gezeichnete Dreieck bestimmt vom vorherigen und es bestimmt das folgende. Entscheidungsfreiheit? Hirnforscher haben entdeckt, dass im Gehirn schon Sekunden im voraus die Entscheidung stattfindet.<\/p>\n\n\n\n<p>Seit etwa 1983 Zeichnungen mit demselben Programm. Der Unterschied kann so gro\u00df sein, dass man z.B. die differierende Programmentwicklung in den Zeichnungen 9 von 2001 aufgrund des extrem minimalen Programm-Anfangs nicht mehr nachvollziehen kann.<\/p>\n\n\n\n<p>Schon bald in den 80er Jahren sind Automatismus, Wissen, Trend-Erfahrung am zeichnerischen Vorgang beteiligt. Das Bewusstsein wird bedingt und wirkt bedingend. Eine bewusste, allerdings aufgrund des bedingenden Zusammenhangs eingeschr\u00e4nkte Steuerungsm\u00f6glichkeit kann langfristig die Gestaltung beeinflussen. Schon 1979 Experimente mit Trend-Bildung und bewusst gesteuerter Aufl\u00f6sung des Trends (vgl. Suchtbehandlung).<\/p>\n\n\n\n<p>Anfang der 1990er Jahre \u2014 nach ersten Informationen \u00fcber die Chaostheorie \u2014 war mir bewusst geworden, in welchem philosophischen, zeitgeistigen Zusammenhang meine Arbeiten seit 1970 entstanden waren. (Seltsam das Blumenkohl-Gebilde IV von 1974 und der Blumenkohl als Symbol der Chaostheorie)<\/p>\n\n\n\n<p>Ausf\u00fchrlichere Informationen unter dem Men\u00fcpunkt <a href=\"https:\/\/kata-b-schommer.de\/vita\/\" data-type=\"page\" data-id=\"351\">Vita<\/a>, <a href=\"https:\/\/kata-b-schommer.de\/info1\/\" data-type=\"URL\" data-id=\"https:\/\/kata-b-schommer.de\/info1\/\">INFO I<\/a> und <a href=\"https:\/\/kata-b-schommer.de\/info2\/\" data-type=\"URL\" data-id=\"https:\/\/kata-b-schommer.de\/info2\/\">INFO II<\/a><\/p>\n\n\n<p><\/p>\n<div class=\"h-row-container gutters-row-lg-2 gutters-row-md-2 gutters-row-0 gutters-row-v-lg-2 gutters-row-v-md-2 gutters-row-v-2 style-198 style-local-12-c6 position-relative\" data-colibri-id=\"12-c6\">\n<div class=\"h-row justify-content-lg-center justify-content-md-center justify-content-center align-items-lg-stretch align-items-md-stretch align-items-stretch gutters-col-lg-2 gutters-col-md-2 gutters-col-0 gutters-col-v-lg-2 gutters-col-v-md-2 gutters-col-v-2\">\n<div class=\"h-column h-column-container d-flex h-col-lg-auto h-col-md-auto h-col-auto style-199-outer style-local-12-c7-outer\">\n<div class=\"d-flex h-flex-basis h-column__inner h-ui-empty-state-container h-px-lg-2 h-px-md-2 h-px-2 v-inner-lg-2 v-inner-md-2 v-inner-2 style-199 style-local-12-c7 position-relative\" data-colibri-id=\"12-c7\">\n<div class=\"w-100 h-y-container h-column__content h-column__v-align flex-basis-100\">&nbsp;<\/div>\n<p><\/p>\n<\/div>\n<\/div>\n<div class=\"h-column h-column-container d-flex h-col-lg-auto h-col-md-auto h-col-auto style-200-outer style-local-12-c8-outer\">\n<div class=\"d-flex h-flex-basis h-column__inner h-ui-empty-state-container h-px-lg-2 h-px-md-2 h-px-2 v-inner-lg-2 v-inner-md-2 v-inner-2 style-200 style-local-12-c8 position-relative\" data-colibri-id=\"12-c8\">\n<div class=\"w-100 h-y-container h-column__content h-column__v-align flex-basis-100\">&nbsp;<\/div>\n<p><\/p>\n<\/div>\n<\/div>\n<\/div>\n<\/div>","protected":false},"excerpt":{"rendered":"<p>Kata Brehm Schommer Zeichnungen \u201cZwischen Zero und Computerprogramm\u201c seit 1970 Meine Zeichnungen sind keine Computer-Zeichnungen. Besch\u00e4ftigt mit dem Thema Steuerung&hellip;<\/p>\n","protected":false},"author":1,"featured_media":0,"parent":0,"menu_order":0,"comment_status":"closed","ping_status":"closed","template":"","meta":{"slim_seo":{"title":"Katharina Brehm Schommer","description":"Kata Brehm Schommer Zeichnungen \u201cZwischen Zero und Computerprogramm\u201c seit 1970 Meine Zeichnungen sind keine Computer-Zeichnungen . Besch\u00e4ftigt mit dem Thema Ste"},"footnotes":""},"class_list":["post-12","page","type-page","status-publish","hentry"],"_links":{"self":[{"href":"https:\/\/kata-b-schommer.de\/index.php?rest_route=\/wp\/v2\/pages\/12","targetHints":{"allow":["GET"]}}],"collection":[{"href":"https:\/\/kata-b-schommer.de\/index.php?rest_route=\/wp\/v2\/pages"}],"about":[{"href":"https:\/\/kata-b-schommer.de\/index.php?rest_route=\/wp\/v2\/types\/page"}],"author":[{"embeddable":true,"href":"https:\/\/kata-b-schommer.de\/index.php?rest_route=\/wp\/v2\/users\/1"}],"replies":[{"embeddable":true,"href":"https:\/\/kata-b-schommer.de\/index.php?rest_route=%2Fwp%2Fv2%2Fcomments&post=12"}],"version-history":[{"count":27,"href":"https:\/\/kata-b-schommer.de\/index.php?rest_route=\/wp\/v2\/pages\/12\/revisions"}],"predecessor-version":[{"id":498,"href":"https:\/\/kata-b-schommer.de\/index.php?rest_route=\/wp\/v2\/pages\/12\/revisions\/498"}],"wp:attachment":[{"href":"https:\/\/kata-b-schommer.de\/index.php?rest_route=%2Fwp%2Fv2%2Fmedia&parent=12"}],"curies":[{"name":"wp","href":"https:\/\/api.w.org\/{rel}","templated":true}]}}